{"id":102,"date":"2024-03-17T21:30:59","date_gmt":"2024-03-17T20:30:59","guid":{"rendered":"https:\/\/mus-hope.fr\/?page_id=102"},"modified":"2024-09-24T20:26:27","modified_gmt":"2024-09-24T18:26:27","slug":"mushope","status":"publish","type":"page","link":"https:\/\/mus-hope.fr\/","title":{"rendered":"Mus&rsquo;Hope"},"content":{"rendered":"\n<p>Mus&rsquo;Hope est une association de loi 1901 ayant pour ambition d&rsquo;amener la musique aupr\u00e8s de patients hospitalis\u00e9s (Ehpads, structures de soins, centres de r\u00e9\u00e9ducation, etc.).<\/p>\n\n\n\n<p>L&rsquo;association repose sur la participation de musiciens ou chanteurs b\u00e9n\u00e9voles. Mus&rsquo;Hope se charge de trouver des structures de soins, et assure le relais entre les b\u00e9n\u00e9voles et les \u00e9tablissements, afin d&rsquo;organiser les concerts et les prestations.<\/p>\n\n\n\n<p>Le choix du programme est laiss\u00e9 \u00e0 la libert\u00e9 des musiciens b\u00e9n\u00e9voles : solos, duos, musique de chambre, musique de vari\u00e9t\u00e9, petit ensemble vocale&#8230; Tous les styles et toutes les formations sont les bienvenus !<\/p>\n\n\n\n<p>Si vous \u00e9prouvez l&rsquo;envie de nous rejoindre, ou que certaines de vos connaissances seraient int\u00e9ress\u00e9es, n&rsquo;h\u00e9sitez pas \u00e0 nous contacter !<\/p>\n\n\n\n<p>N&rsquo;h\u00e9sitez pas \u00e0 nous suivre sur les r\u00e9seaux sociaux, via notre page <a href=\"https:\/\/www.instagram.com\/mus_hope\/\">Instagram<\/a> ou notre page <a href=\"https:\/\/www.facebook.com\/MusHope.musiquealhopital\/\">Facebook<\/a> !<\/p>\n","protected":false},"excerpt":{"rendered":"<p>Mus&rsquo;Hope est une association de loi 1901 ayant pour ambition d&rsquo;amener la musique aupr\u00e8s de patients hospitalis\u00e9s (Ehpads, structures de soins, centres de r\u00e9\u00e9ducation, etc.). L&rsquo;association repose sur la participation de musiciens ou chanteurs b\u00e9n\u00e9voles. Mus&rsquo;Hope se charge de trouver des structures de soins, et assure le relais entre les b\u00e9n\u00e9voles et les \u00e9tablissements, afin [&hellip;]<\/p>\n","protected":false},"author":1,"featured_media":0,"parent":0,"menu_order":0,"comment_status":"closed","ping_status":"closed","template":"","meta":{"footnotes":""},"class_list":["post-102","page","type-page","status-publish","hentry"],"featured_media_urls":[],"_links":{"self":[{"href":"https:\/\/mus-hope.fr\/index.php\/wp-json\/wp\/v2\/pages\/102","targetHints":{"allow":["GET"]}}],"collection":[{"href":"https:\/\/mus-hope.fr\/index.php\/wp-json\/wp\/v2\/pages"}],"about":[{"href":"https:\/\/mus-hope.fr\/index.php\/wp-json\/wp\/v2\/types\/page"}],"author":[{"embeddable":true,"href":"https:\/\/mus-hope.fr\/index.php\/wp-json\/wp\/v2\/users\/1"}],"replies":[{"embeddable":true,"href":"https:\/\/mus-hope.fr\/index.php\/wp-json\/wp\/v2\/comments?post=102"}],"version-history":[{"count":4,"href":"https:\/\/mus-hope.fr\/index.php\/wp-json\/wp\/v2\/pages\/102\/revisions"}],"predecessor-version":[{"id":170,"href":"https:\/\/mus-hope.fr\/index.php\/wp-json\/wp\/v2\/pages\/102\/revisions\/170"}],"wp:attachment":[{"href":"https:\/\/mus-hope.fr\/index.php\/wp-json\/wp\/v2\/media?parent=102"}],"curies":[{"name":"wp","href":"https:\/\/api.w.org\/{rel}","templated":true}]}}