{"id":145,"date":"2024-06-09T16:08:50","date_gmt":"2024-06-09T14:08:50","guid":{"rendered":"https:\/\/mus-hope.fr\/?page_id=145"},"modified":"2025-06-09T14:31:13","modified_gmt":"2025-06-09T12:31:13","slug":"calendrier","status":"publish","type":"page","link":"https:\/\/mus-hope.fr\/index.php\/calendrier\/","title":{"rendered":"Calendrier"},"content":{"rendered":"\n<p>Nous vous proposons sur cette page un tableau des concerts \u00e0 venir. Lorsqu&rsquo;il est mentionn\u00e9 \u00ab\u00a0\u00e0 d\u00e9terminer\u00a0\u00bb dans la colonne \u00ab\u00a0musicien\u00a0\u00bb, cela signifie que nous n&rsquo;avons pas encore trouv\u00e9 de b\u00e9n\u00e9voles ; le cr\u00e9neau est donc toujours disponible si vous le souhaitez !<\/p>\n\n\n\n<figure class=\"wp-block-table alignwide\"><table><tbody><tr><td class=\"has-text-align-center\" data-align=\"center\"><strong>Date et heure<\/strong><\/td><td class=\"has-text-align-center\" data-align=\"center\"><strong>Lieu<\/strong><\/td><td class=\"has-text-align-center\" data-align=\"center\"><strong>Disponibilit\u00e9 piano<\/strong><\/td><td class=\"has-text-align-center\" data-align=\"center\"><strong>Musicien(s)<\/strong><\/td><\/tr><tr><td class=\"has-text-align-center\" data-align=\"center\">15 juin 2025<\/td><td class=\"has-text-align-center\" data-align=\"center\">R\u00e9sidence Les Hesp\u00e9rides<\/td><td class=\"has-text-align-center\" data-align=\"center\">Oui<\/td><td class=\"has-text-align-center\" data-align=\"center\">Solo piano<\/td><\/tr><tr><td class=\"has-text-align-center\" data-align=\"center\">12 juin 2025<\/td><td class=\"has-text-align-center\" data-align=\"center\">H\u00f4pital Cochin<\/td><td class=\"has-text-align-center\" data-align=\"center\">Non<\/td><td class=\"has-text-align-center\" data-align=\"center\">Duo accord\u00e9on\/fl\u00fbte<\/td><\/tr><tr><td class=\"has-text-align-center\" data-align=\"center\">08 juin 2025<\/td><td class=\"has-text-align-center\" data-align=\"center\">R\u00e9sidence Les Hesp\u00e9rides<\/td><td class=\"has-text-align-center\" data-align=\"center\">Oui<\/td><td class=\"has-text-align-center\" data-align=\"center\">Duo voix\/piano<\/td><\/tr><tr><td class=\"has-text-align-center\" data-align=\"center\">01 juin 2025<\/td><td class=\"has-text-align-center\" data-align=\"center\">R\u00e9sidence Les Hesp\u00e9rides<\/td><td class=\"has-text-align-center\" data-align=\"center\">Oui<\/td><td class=\"has-text-align-center\" data-align=\"center\">Solo piano<\/td><\/tr><tr><td class=\"has-text-align-center\" data-align=\"center\">20 mai 2025<\/td><td class=\"has-text-align-center\" data-align=\"center\">H\u00f4pital Georges Pompidou<\/td><td class=\"has-text-align-center\" data-align=\"center\">Oui<\/td><td class=\"has-text-align-center\" data-align=\"center\">Solo piano<\/td><\/tr><tr><td class=\"has-text-align-center\" data-align=\"center\">02 mai 2025<\/td><td class=\"has-text-align-center\" data-align=\"center\">R\u00e9sidence Les Hesp\u00e9rides<\/td><td class=\"has-text-align-center\" data-align=\"center\">Oui<\/td><td class=\"has-text-align-center\" data-align=\"center\">Duo violoncelle<\/td><\/tr><tr><td class=\"has-text-align-center\" data-align=\"center\">27 avril 2025<\/td><td class=\"has-text-align-center\" data-align=\"center\">Ehpad Villa Borghese<\/td><td class=\"has-text-align-center\" data-align=\"center\">Oui<\/td><td class=\"has-text-align-center\" data-align=\"center\">Solo piano<\/td><\/tr><tr><td class=\"has-text-align-center\" data-align=\"center\">23 avril 2025<\/td><td class=\"has-text-align-center\" data-align=\"center\">H\u00f4pital Georges Pompidou<\/td><td class=\"has-text-align-center\" data-align=\"center\">Oui<\/td><td class=\"has-text-align-center\" data-align=\"center\">Solo piano<\/td><\/tr><tr><td class=\"has-text-align-center\" data-align=\"center\">02 f\u00e9vrier 2025<\/td><td class=\"has-text-align-center\" data-align=\"center\">Ehpad Villa Borghese<\/td><td class=\"has-text-align-center\" data-align=\"center\">Oui<\/td><td class=\"has-text-align-center\" data-align=\"center\">Solo piano<\/td><\/tr><tr><td class=\"has-text-align-center\" data-align=\"center\">26 janvier 2025<\/td><td class=\"has-text-align-center\" data-align=\"center\">Ehpad Villa Borghese<\/td><td class=\"has-text-align-center\" data-align=\"center\">Oui<\/td><td class=\"has-text-align-center\" data-align=\"center\">Duo piano<\/td><\/tr><tr><td class=\"has-text-align-center\" data-align=\"center\">01 septembre 2024<\/td><td class=\"has-text-align-center\" data-align=\"center\">Ehpad Villa Borghese<\/td><td class=\"has-text-align-center\" data-align=\"center\">Oui<\/td><td class=\"has-text-align-center\" data-align=\"center\">Duo guitare<\/td><\/tr><tr><td class=\"has-text-align-center\" data-align=\"center\">25 ao\u00fbt 2024<\/td><td class=\"has-text-align-center\" data-align=\"center\">Ehpad Villa Borghese<\/td><td class=\"has-text-align-center\" data-align=\"center\">Oui<\/td><td class=\"has-text-align-center\" data-align=\"center\">Duo fl\u00fbte<\/td><\/tr><tr><td class=\"has-text-align-center\" data-align=\"center\">17 juin 2024<\/td><td class=\"has-text-align-center\" data-align=\"center\">H\u00f4pital Georges Pompidou<\/td><td class=\"has-text-align-center\" data-align=\"center\">Oui (piano \u00e0 queue)<\/td><td class=\"has-text-align-center\" data-align=\"center\">Quatuor \u00e0 cordes<\/td><\/tr><\/tbody><\/table><\/figure>\n","protected":false},"excerpt":{"rendered":"<p>Nous vous proposons sur cette page un tableau des concerts \u00e0 venir. Lorsqu&rsquo;il est mentionn\u00e9 \u00ab\u00a0\u00e0 d\u00e9terminer\u00a0\u00bb dans la colonne \u00ab\u00a0musicien\u00a0\u00bb, cela signifie que nous n&rsquo;avons pas encore trouv\u00e9 de b\u00e9n\u00e9voles ; le cr\u00e9neau est donc toujours disponible si vous le souhaitez ! Date et heure Lieu Disponibilit\u00e9 piano Musicien(s) 15 juin 2025 R\u00e9sidence Les [&hellip;]<\/p>\n","protected":false},"author":1,"featured_media":0,"parent":0,"menu_order":0,"comment_status":"closed","ping_status":"closed","template":"","meta":{"footnotes":""},"class_list":["post-145","page","type-page","status-publish","hentry"],"featured_media_urls":[],"_links":{"self":[{"href":"https:\/\/mus-hope.fr\/index.php\/wp-json\/wp\/v2\/pages\/145","targetHints":{"allow":["GET"]}}],"collection":[{"href":"https:\/\/mus-hope.fr\/index.php\/wp-json\/wp\/v2\/pages"}],"about":[{"href":"https:\/\/mus-hope.fr\/index.php\/wp-json\/wp\/v2\/types\/page"}],"author":[{"embeddable":true,"href":"https:\/\/mus-hope.fr\/index.php\/wp-json\/wp\/v2\/users\/1"}],"replies":[{"embeddable":true,"href":"https:\/\/mus-hope.fr\/index.php\/wp-json\/wp\/v2\/comments?post=145"}],"version-history":[{"count":10,"href":"https:\/\/mus-hope.fr\/index.php\/wp-json\/wp\/v2\/pages\/145\/revisions"}],"predecessor-version":[{"id":190,"href":"https:\/\/mus-hope.fr\/index.php\/wp-json\/wp\/v2\/pages\/145\/revisions\/190"}],"wp:attachment":[{"href":"https:\/\/mus-hope.fr\/index.php\/wp-json\/wp\/v2\/media?parent=145"}],"curies":[{"name":"wp","href":"https:\/\/api.w.org\/{rel}","templated":true}]}}